{"id":1205,"date":"2021-08-24T21:24:33","date_gmt":"2021-08-24T21:24:33","guid":{"rendered":"https:\/\/labmastermedicalcenter.com.br\/?page_id=1205"},"modified":"2021-08-24T22:18:21","modified_gmt":"2021-08-24T22:18:21","slug":"vacinas","status":"publish","type":"page","link":"http:\/\/labmastermedicalcenter.com.br\/?page_id=1205","title":{"rendered":"Vacinas"},"content":{"rendered":"<div id='av-layout-grid-1'  class='av-layout-grid-container entry-content-wrapper main_color av-flex-cells     avia-builder-el-0  el_before_av_one_full  avia-builder-el-first  container_wrap sidebar_right' style=' '  >\n<div class=\"flex_cell no_margin av_one_half  avia-builder-el-1  el_before_av_cell_one_half  avia-builder-el-first   avia-full-stretch av-zero-padding \"  style='height:500px; min-height:500px;background:url(http:\/\/labmastermedicalcenter.com.br\/wp-content\/uploads\/2021\/08\/labmaster-vacina-1.jpg) bottom center no-repeat scroll #22689e; vertical-align:middle; padding:0px; background-color:#22689e; ' ><div class='flex_cell_inner' ><\/div><\/div><div class=\"flex_cell no_margin av_one_half  avia-builder-el-2  el_after_av_cell_one_half  avia-builder-el-last   \"  style='height:500px; min-height:500px;vertical-align:middle; padding:80px; background-color:#22689e; ' ><div class='flex_cell_inner' ><p><div  style='padding-bottom:25px; color:#ffffff;font-size:34px;' class='av-special-heading av-special-heading-h3 custom-color-heading blockquote modern-quote  avia-builder-el-3  el_before_av_textblock  avia-builder-el-first  av-inherit-size '><div class ='av-subheading av-subheading_above av_custom_color ' style='font-size:15px;'><p>Conhe\u00e7a nossa lista de<\/p>\n<\/div><h3 class='av-special-heading-tag '  itemprop=\"headline\"  >Vacinas<\/h3><div class='special-heading-border'><div class='special-heading-inner-border' style='border-color:#ffffff'><\/div><\/div><\/div><br \/>\n<section class=\"av_textblock_section \"  itemscope=\"itemscope\" itemtype=\"https:\/\/schema.org\/CreativeWork\" ><div class='avia_textblock  av_inherit_color '  style='color:#ffffff; '  itemprop=\"text\" ><p>Uma grande quantidade de doen\u00e7as e infec\u00e7\u00f5es podem ser evitadas caso o paciente j\u00e1 esteja vacinado contra elas. Tenha a sua caderneta de vacina\u00e7\u00e3o sempre atualizada e previna-se.<\/p>\n<p>O Labmaster Medical Center possui uma lista de vacinas dispon\u00edveis em nossa unidade, confira abaixo e agende sua vacina\u00e7\u00e3o conosco!<\/p>\n<\/div><\/section><br \/>\n<div  style='height:20px' class='hr hr-invisible   avia-builder-el-5  el_after_av_textblock  el_before_av_button '><span class='hr-inner ' ><span class='hr-inner-style'><\/span><\/span><\/div><br \/>\n<div  class='avia-button-wrap avia-button-center  avia-builder-el-6  el_after_av_hr  avia-builder-el-last ' ><a href='https:\/\/api.whatsapp.com\/send?phone=5592996050413' class='avia-button  avia-color-light   avia-icon_select-yes-left-icon avia-size-large avia-position-center ' target=\"_blank\" rel=\"noopener noreferrer\"><span class='avia_button_icon avia_button_icon_left ' aria-hidden='true' data-av_icon='\uf232' data-av_iconfont='entypo-fontello'><\/span><span class='avia_iconbox_title' >Entre em Contato<\/span><\/a><\/div><\/p>\n<\/div><\/div><\/div><div id='after_submenu_1'  class='main_color av_default_container_wrap container_wrap sidebar_right' style=' '  ><div class='container' ><div class='template-page content  av-content-small alpha units'><div class='post-entry post-entry-type-page post-entry-1205'><div class='entry-content-wrapper clearfix'><div class=\"flex_column av_one_full  flex_column_div av-zero-column-padding first  avia-builder-el-7  el_after_av_layout_row  avia-builder-el-no-sibling  \" style='border-radius:0px; '><div   class=\"togglecontainer  av-minimal-toggle toggle_close_all  avia-builder-el-8  avia-builder-el-no-sibling \" >\n<section class=\"av_toggle_section\"  itemscope=\"itemscope\" itemtype=\"https:\/\/schema.org\/CreativeWork\"  >    <div role=\"tablist\" class=\"single_toggle\" data-tags=\"{All} \"  >        <p data-fake-id=\"#toggle-id-1\" class=\"toggler \"  itemprop=\"headline\"    role=\"tab\" tabindex=\"0\" aria-controls=\"toggle-id-1\">DTP + IPV<span class=\"toggle_icon\" >        <span class=\"vert_icon\"><\/span><span class=\"hor_icon\"><\/span><\/span><\/p>        <div id=\"toggle-id-1\" class=\"toggle_wrap \"   >            <div class=\"toggle_content invers-color \"  itemprop=\"text\"   ><p>A vacina dTpa + p\u00f3lio \u00e9 indicada para crian\u00e7as a partir de 4 anos de idade e para doses de refor\u00e7os em adolescentes e adultos.<\/p>\n<p>Adolescentes, adultos e gestantes: a dTpa+Polio pode substituir a vacina dTpa, uma vez que ambas conferem prote\u00e7\u00e3o contra difteria, t\u00e9tano, coqueluche e al\u00e9m disso, a primeira tamb\u00e9m protege contra a poliomielite.<\/p>\n<p>Viajantes: em caso de viagens a locais de risco para a poliomielite, pode ser aplicada mesmo em pessoas que estejam em dia com a dTpa. Pode ser aplicada em adolescentes, adultos e gestantes.<\/p>\n            <\/div>        <\/div>    <\/div><\/section>\n<section class=\"av_toggle_section\"  itemscope=\"itemscope\" itemtype=\"https:\/\/schema.org\/CreativeWork\"  >    <div role=\"tablist\" class=\"single_toggle\" data-tags=\"{All} \"  >        <p data-fake-id=\"#toggle-id-2\" class=\"toggler \"  itemprop=\"headline\"    role=\"tab\" tabindex=\"0\" aria-controls=\"toggle-id-2\">dTpa<span class=\"toggle_icon\" >        <span class=\"vert_icon\"><\/span><span class=\"hor_icon\"><\/span><\/span><\/p>        <div id=\"toggle-id-2\" class=\"toggle_wrap \"   >            <div class=\"toggle_content invers-color \"  itemprop=\"text\"   ><p>Uma \u00fanica vacina \u00e9 capaz de proteger m\u00e3e e beb\u00ea contra tr\u00eas doen\u00e7as graves. Esta \u00e9 a dTpa, ou tr\u00edplice bacteriana acelular do tipo adulto, que imuniza contra difteria, t\u00e9tano e coqueluche.<\/p>\n<p>A<strong> vacina tr\u00edplice bacteriana acelular do adulto (dTpa)<\/strong> \u00e9 indicada para ser tomada na gravidez porque estimula o organismo da mulher a produzir anticorpos, que depois passam para o beb\u00ea atrav\u00e9s da placenta. A vacina \u00e9 fornecida pelo sistema \u00fanico de sa\u00fade, \u00e9 gratuita, e precisa ser repetida a cada gravidez.<\/p>\n<p>Toda gestante deve tom\u00e1-la a partir da vig\u00e9sima semana, preferencialmente entre a 27\u00aa e a 32\u00aa semanas, e isso deve se repetir em todas as gesta\u00e7\u00f5es que a mulher tiver.<\/p>\n<p>Para receber a dTpa, a gr\u00e1vida n\u00e3o precisa de prescri\u00e7\u00e3o m\u00e9dica. A partir da 20\u00aa semana, quanto mais precoce a gestante tomar a vacina, mais ela tem chance de criar uma maior quantidade de anticorpos.N\u00e3o existe risco algum em tomar a vacina na gesta\u00e7\u00e3o, ela \u00e9 feita de toxina inativa e n\u00e3o da pr\u00f3pria bact\u00e9ria causadora da doen\u00e7a. Por isso existe o \u201ca\u201d na sigla dTpa, de acelular.<\/p>\n            <\/div>        <\/div>    <\/div><\/section>\n<section class=\"av_toggle_section\"  itemscope=\"itemscope\" itemtype=\"https:\/\/schema.org\/CreativeWork\"  >    <div role=\"tablist\" class=\"single_toggle\" data-tags=\"{All} \"  >        <p data-fake-id=\"#toggle-id-3\" class=\"toggler \"  itemprop=\"headline\"    role=\"tab\" tabindex=\"0\" aria-controls=\"toggle-id-3\">HEP A AD<span class=\"toggle_icon\" >        <span class=\"vert_icon\"><\/span><span class=\"hor_icon\"><\/span><\/span><\/p>        <div id=\"toggle-id-3\" class=\"toggle_wrap \"   >            <div class=\"toggle_content invers-color \"  itemprop=\"text\"   ><p>A hepatite A \u00e9 uma infec\u00e7\u00e3o que atinge o f\u00edgado, causada pelo v\u00edrus da hepatite A (HAV). Normalmente \u00e9 uma doen\u00e7a que evolui de forma benigna, por\u00e9m, a partir da adolesc\u00eancia, a doen\u00e7a pode ser sintom\u00e1tica e, em alguns casos, letal.<\/p>\n<p>A vacina de<strong> hepatite A adulta <\/strong>\u00e9 indicada para adolescentes, adultos e idosos.<\/p>\n            <\/div>        <\/div>    <\/div><\/section>\n<section class=\"av_toggle_section\"  itemscope=\"itemscope\" itemtype=\"https:\/\/schema.org\/CreativeWork\"  >    <div role=\"tablist\" class=\"single_toggle\" data-tags=\"{All} \"  >        <p data-fake-id=\"#toggle-id-4\" class=\"toggler \"  itemprop=\"headline\"    role=\"tab\" tabindex=\"0\" aria-controls=\"toggle-id-4\">HEP A INF<span class=\"toggle_icon\" >        <span class=\"vert_icon\"><\/span><span class=\"hor_icon\"><\/span><\/span><\/p>        <div id=\"toggle-id-4\" class=\"toggle_wrap \"   >            <div class=\"toggle_content invers-color \"  itemprop=\"text\"   ><p>A hepatite A \u00e9 uma infec\u00e7\u00e3o que atinge o f\u00edgado, causada pelo v\u00edrus da hepatite A (HAV). Normalmente \u00e9 uma doen\u00e7a que evolui de forma benigna, por\u00e9m, a partir da adolesc\u00eancia, a doen\u00e7a pode ser sintom\u00e1tica e, em alguns casos, letal.<\/p>\n<p>A vacina de<strong> hepatite A infantil<\/strong> \u00e9 indicada a partir dos 12 meses de idade.<\/p>\n            <\/div>        <\/div>    <\/div><\/section>\n<section class=\"av_toggle_section\"  itemscope=\"itemscope\" itemtype=\"https:\/\/schema.org\/CreativeWork\"  >    <div role=\"tablist\" class=\"single_toggle\" data-tags=\"{All} \"  >        <p data-fake-id=\"#toggle-id-5\" class=\"toggler \"  itemprop=\"headline\"    role=\"tab\" tabindex=\"0\" aria-controls=\"toggle-id-5\">HEP B AD<span class=\"toggle_icon\" >        <span class=\"vert_icon\"><\/span><span class=\"hor_icon\"><\/span><\/span><\/p>        <div id=\"toggle-id-5\" class=\"toggle_wrap \"   >            <div class=\"toggle_content invers-color \"  itemprop=\"text\"   ><p>A Vacina Hepatite B Adulto \u00e9 recomendada para pessoas de todas as faixas et\u00e1rias, especialmente indicada para gestantes n\u00e3o vacinadas. Crian\u00e7as mais velhas, adolescentes e adultos, n\u00e3o vacinados anteriormente, recomenda-se tr\u00eas doses com intervalo de um m\u00eas entre primeira e a segunda e de cinco meses da segunda para a terceira dose. Pessoas com comprometimento do sistema imunol\u00f3gico necessitam de dose dobrada em quatro aplica\u00e7\u00f5es, para melhorar a resposta ao est\u00edmulo produzido pela vacina.<\/p>\n            <\/div>        <\/div>    <\/div><\/section>\n<section class=\"av_toggle_section\"  itemscope=\"itemscope\" itemtype=\"https:\/\/schema.org\/CreativeWork\"  >    <div role=\"tablist\" class=\"single_toggle\" data-tags=\"{All} \"  >        <p data-fake-id=\"#toggle-id-6\" class=\"toggler \"  itemprop=\"headline\"    role=\"tab\" tabindex=\"0\" aria-controls=\"toggle-id-6\">HEP B INF<span class=\"toggle_icon\" >        <span class=\"vert_icon\"><\/span><span class=\"hor_icon\"><\/span><\/span><\/p>        <div id=\"toggle-id-6\" class=\"toggle_wrap \"   >            <div class=\"toggle_content invers-color \"  itemprop=\"text\"   ><p>A hepatite B \u00e9 um tipo de hepatite viral que compromete o f\u00edgado. Um rec\u00e9m-nascido pode se infectar devido a contato com sangue e secre\u00e7\u00f5es maternas durante o parto se esta m\u00e3e for portadora do v\u00edrus da hepatite B.<\/p>\n<p>A aplica\u00e7\u00e3o da primeira dose de vacina hepatite B infantil \u00e9 recomendada nas primeiras 12-24 horas ap\u00f3s o nascimento, uma vez que 90% dos beb\u00eas que s\u00e3o contaminados ao nascer evoluem para a forma cr\u00f4nica da hepatite B.<\/p>\n<p>No servi\u00e7o privado s\u00e3o administradas 3 doses de vacina hepatite B em crian\u00e7as pequenas: uma ao nascimento e duas outras aos 2 e 6 meses de idade, na vacina Hexavalente.<\/p>\n<p>Crian\u00e7as mais velhas, adolescentes e adultos n\u00e3o vacinados no primeiro ano de vida: tr\u00eas doses, com intervalo de um ou dois meses entre primeira e a segunda doses e de seis meses entre a primeira e a terceira.<\/p>\n            <\/div>        <\/div>    <\/div><\/section>\n<section class=\"av_toggle_section\"  itemscope=\"itemscope\" itemtype=\"https:\/\/schema.org\/CreativeWork\"  >    <div role=\"tablist\" class=\"single_toggle\" data-tags=\"{All} \"  >        <p data-fake-id=\"#toggle-id-7\" class=\"toggler \"  itemprop=\"headline\"    role=\"tab\" tabindex=\"0\" aria-controls=\"toggle-id-7\">HEP ZOSTER<span class=\"toggle_icon\" >        <span class=\"vert_icon\"><\/span><span class=\"hor_icon\"><\/span><\/span><\/p>        <div id=\"toggle-id-7\" class=\"toggle_wrap \"   >            <div class=\"toggle_content invers-color \"  itemprop=\"text\"   ><p>O Herpes Zoster, popularmente conhecido como Cobreiro, \u00e9 causado pelo V\u00edrus varicela-zoster (VVZ), que \u00e9 o mesmo da catapora. O v\u00edrus permanece em lat\u00eancia no organismo humano durante toda a vida.<\/p>\n<p>A reativa\u00e7\u00e3o do v\u00edrus pode ocorrer em adultos ou em pessoas que possam ter algum tipo de comprometimento imunol\u00f3gico. \u00c9 uma doen\u00e7a grave e que pode causar muita dor.<\/p>\n<p>A vacina Herpes Z\u00f3ster \u00e9 recomendada apenas para pessoas com mais de 50 anos, e deve ser administrada como rotina para maiores 60 anos de idade, independente do hist\u00f3rico anterior de Herpes zoster, ou de terem tomado ou n\u00e3o vacina contra varicela.<\/p>\n            <\/div>        <\/div>    <\/div><\/section>\n<section class=\"av_toggle_section\"  itemscope=\"itemscope\" itemtype=\"https:\/\/schema.org\/CreativeWork\"  >    <div role=\"tablist\" class=\"single_toggle\" data-tags=\"{All} \"  >        <p data-fake-id=\"#toggle-id-8\" class=\"toggler \"  itemprop=\"headline\"    role=\"tab\" tabindex=\"0\" aria-controls=\"toggle-id-8\">HEXAXIM<span class=\"toggle_icon\" >        <span class=\"vert_icon\"><\/span><span class=\"hor_icon\"><\/span><\/span><\/p>        <div id=\"toggle-id-8\" class=\"toggle_wrap \"   >            <div class=\"toggle_content invers-color \"  itemprop=\"text\"   ><p>HEXAXIM\u00ae \u00e9 indicada para vacina\u00e7\u00e3o prim\u00e1ria e de refor\u00e7o em lactentes e crian\u00e7as de 6 semanas a 24 meses de idade contra difteria, t\u00e9tano, pertussis (coqueluche), hepatite B, poliomielite e infec\u00e7\u00f5es invasivas causadas pelo Haemophilus influenzae tipo b (tais como meningite, septicemia, celulite, artrite, epiglotite, pneumopatia, osteomielite).<\/p>\n            <\/div>        <\/div>    <\/div><\/section>\n<section class=\"av_toggle_section\"  itemscope=\"itemscope\" itemtype=\"https:\/\/schema.org\/CreativeWork\"  >    <div role=\"tablist\" class=\"single_toggle\" data-tags=\"{All} \"  >        <p data-fake-id=\"#toggle-id-9\" class=\"toggler \"  itemprop=\"headline\"    role=\"tab\" tabindex=\"0\" aria-controls=\"toggle-id-9\">MENING ACWY<span class=\"toggle_icon\" >        <span class=\"vert_icon\"><\/span><span class=\"hor_icon\"><\/span><\/span><\/p>        <div id=\"toggle-id-9\" class=\"toggle_wrap \"   >            <div class=\"toggle_content invers-color \"  itemprop=\"text\"   ><p>Vacina Meningoc\u00f3cica conjugada quadrivalente \u2014 ACWY<\/p>\n<p>Previne: Meningites e infec\u00e7\u00f5es generalizadas (doen\u00e7as meningoc\u00f3cicas) causadas pela bact\u00e9ria meningococo dos tipos A, C, W e Y.<\/p>\n<p>Indica\u00e7\u00e3o:<\/p>\n<ul>\n<li>Para crian\u00e7as a partir de 2 meses e adolescentes.<\/li>\n<li>Para adultos e idosos com condi\u00e7\u00f5es que aumentem o risco para a doen\u00e7a meningoc\u00f3cica ou de acordo com a situa\u00e7\u00e3o epidemiol\u00f3gica.<\/li>\n<li>Para viajantes com destino \u00e0s regi\u00f5es onde h\u00e1 risco aumentado da doen\u00e7a.<\/li>\n<\/ul>\n            <\/div>        <\/div>    <\/div><\/section>\n<section class=\"av_toggle_section\"  itemscope=\"itemscope\" itemtype=\"https:\/\/schema.org\/CreativeWork\"  >    <div role=\"tablist\" class=\"single_toggle\" data-tags=\"{All} \"  >        <p data-fake-id=\"#toggle-id-10\" class=\"toggler \"  itemprop=\"headline\"    role=\"tab\" tabindex=\"0\" aria-controls=\"toggle-id-10\">MENING B<span class=\"toggle_icon\" >        <span class=\"vert_icon\"><\/span><span class=\"hor_icon\"><\/span><\/span><\/p>        <div id=\"toggle-id-10\" class=\"toggle_wrap \"   >            <div class=\"toggle_content invers-color \"  itemprop=\"text\"   ><p>Vacina Meningoc\u00f3cica B<\/p>\n<p>A imuniza\u00e7\u00e3o \u00e9 muito importante e previne contra meningites e infec\u00e7\u00f5es generalizadas causadas pela bact\u00e9ria meningococo do tipo B.<\/p>\n<p>A meningite meningoc\u00f3cica \u00e9 uma doen\u00e7a imunopreven\u00edvel causada pela bact\u00e9ria Neisseria meningitidis (meningococo). Anualmente, entre 1.500 e 3.000 brasileiros n\u00e3o vacinados s\u00e3o acometidos pela doen\u00e7a, que pode atingir pessoas de qualquer faixa et\u00e1ria, principalmente crian\u00e7as at\u00e9 5 anos de idade.<\/p>\n<p>A vacina contra meningite \u00e9 a melhor e mais segura forma de preven\u00e7\u00e3o contra a doen\u00e7a.<\/p>\n<p>Recomenda-se o uso da Vacina Meningoc\u00f3cica B para crian\u00e7as, adolescentes e adultos at\u00e9 50 anos, dependendo do risco epidemiol\u00f3gico, e para viajantes com destinos \u00e0s regi\u00f5es de risco da doen\u00e7a.<\/p>\n            <\/div>        <\/div>    <\/div><\/section>\n<section class=\"av_toggle_section\"  itemscope=\"itemscope\" itemtype=\"https:\/\/schema.org\/CreativeWork\"  >    <div role=\"tablist\" class=\"single_toggle\" data-tags=\"{All} \"  >        <p data-fake-id=\"#toggle-id-11\" class=\"toggler \"  itemprop=\"headline\"    role=\"tab\" tabindex=\"0\" aria-controls=\"toggle-id-11\">PNEUMO 23<span class=\"toggle_icon\" >        <span class=\"vert_icon\"><\/span><span class=\"hor_icon\"><\/span><\/span><\/p>        <div id=\"toggle-id-11\" class=\"toggle_wrap \"   >            <div class=\"toggle_content invers-color \"  itemprop=\"text\"   ><p>A vacina pneumoc\u00f3cica 23 previne doen\u00e7as causadas por 23 tipos diferentes de pneumococos, que s\u00e3o causadores de pneumonia, meningite e infec\u00e7\u00e3o generalizada (sepse).<\/p>\n<p>As infec\u00e7\u00f5es podem acometer pessoas de qualquer faixa et\u00e1ria que tenham alguma doen\u00e7a que cause depress\u00e3o da imunidade, mas tamb\u00e9m crian\u00e7as com menos de 5 anos de idade, idosos e portadores de doen\u00e7as cr\u00f4nicas, e a imuniza\u00e7\u00e3o adequada \u00e9 uma forma segura e eficaz para diminuir as chances de ter a doen\u00e7a (pneumonia).<\/p>\n            <\/div>        <\/div>    <\/div><\/section>\n<section class=\"av_toggle_section\"  itemscope=\"itemscope\" itemtype=\"https:\/\/schema.org\/CreativeWork\"  >    <div role=\"tablist\" class=\"single_toggle\" data-tags=\"{All} \"  >        <p data-fake-id=\"#toggle-id-12\" class=\"toggler \"  itemprop=\"headline\"    role=\"tab\" tabindex=\"0\" aria-controls=\"toggle-id-12\">ROTAVIRUS<span class=\"toggle_icon\" >        <span class=\"vert_icon\"><\/span><span class=\"hor_icon\"><\/span><\/span><\/p>        <div id=\"toggle-id-12\" class=\"toggle_wrap \"   >            <div class=\"toggle_content invers-color \"  itemprop=\"text\"   ><p>O rotav\u00edrus \u00e9 um v\u00edrus da fam\u00edlia Reoviridae que causa diarreia grave, frequentemente acompanhada de febre e v\u00f4mitos. \u00c9, hoje, considerado um dos mais importantes agentes causadores de gastroenterites e \u00f3bitos em crian\u00e7as menores de 5 anos, em todo o mundo.<\/p>\n<p>A vacina confere prote\u00e7\u00e3o contra o rotav\u00edrus, que causa diarreia grave, com febre, diarreia e v\u00f4mitos. \u00c9 indicada para beb\u00eas de 6 semanas a 7 meses e 29 dias.<\/p>\n            <\/div>        <\/div>    <\/div><\/section>\n<section class=\"av_toggle_section\"  itemscope=\"itemscope\" itemtype=\"https:\/\/schema.org\/CreativeWork\"  >    <div role=\"tablist\" class=\"single_toggle\" data-tags=\"{All} \"  >        <p data-fake-id=\"#toggle-id-13\" class=\"toggler \"  itemprop=\"headline\"    role=\"tab\" tabindex=\"0\" aria-controls=\"toggle-id-13\">TR\u00cdPLICE VIRAL<span class=\"toggle_icon\" >        <span class=\"vert_icon\"><\/span><span class=\"hor_icon\"><\/span><\/span><\/p>        <div id=\"toggle-id-13\" class=\"toggle_wrap \"   >            <div class=\"toggle_content invers-color \"  itemprop=\"text\"   ><p>A vacina tr\u00edplice viral \u00e9 um excelente imunizante para proteger crian\u00e7as, adolescentes e adultos de tr\u00eas doen\u00e7as: sarampo, caxumba e rub\u00e9ola.<\/p>\n<p>A SBIm recomenda a vacina para todos os indiv\u00edduos com mais de 1 ano de idade. Em per\u00edodos em que o v\u00edrus do sarampo est\u00e1 circulando, recomenda-se tamb\u00e9m uma dose aos 6 meses de idade.<\/p>\n            <\/div>        <\/div>    <\/div><\/section>\n<\/div><\/div><\/p>\n","protected":false},"excerpt":{"rendered":"","protected":false},"author":1,"featured_media":0,"parent":0,"menu_order":0,"comment_status":"closed","ping_status":"closed","template":"","meta":{"footnotes":""},"_links":{"self":[{"href":"http:\/\/labmastermedicalcenter.com.br\/index.php?rest_route=\/wp\/v2\/pages\/1205"}],"collection":[{"href":"http:\/\/labmastermedicalcenter.com.br\/index.php?rest_route=\/wp\/v2\/pages"}],"about":[{"href":"http:\/\/labmastermedicalcenter.com.br\/index.php?rest_route=\/wp\/v2\/types\/page"}],"author":[{"embeddable":true,"href":"http:\/\/labmastermedicalcenter.com.br\/index.php?rest_route=\/wp\/v2\/users\/1"}],"replies":[{"embeddable":true,"href":"http:\/\/labmastermedicalcenter.com.br\/index.php?rest_route=%2Fwp%2Fv2%2Fcomments&post=1205"}],"version-history":[{"count":0,"href":"http:\/\/labmastermedicalcenter.com.br\/index.php?rest_route=\/wp\/v2\/pages\/1205\/revisions"}],"wp:attachment":[{"href":"http:\/\/labmastermedicalcenter.com.br\/index.php?rest_route=%2Fwp%2Fv2%2Fmedia&parent=1205"}],"curies":[{"name":"wp","href":"https:\/\/api.w.org\/{rel}","templated":true}]}}