{"id":957,"date":"2016-07-15T14:20:10","date_gmt":"2016-07-15T14:20:10","guid":{"rendered":"http:\/\/test.kriesi.at\/enfold-medical\/?page_id=957"},"modified":"2021-06-28T20:42:10","modified_gmt":"2021-06-28T20:42:10","slug":"quemsomos","status":"publish","type":"page","link":"http:\/\/labmastermedicalcenter.com.br\/?page_id=957","title":{"rendered":"Quem Somos"},"content":{"rendered":"<div id='av-layout-grid-1'  class='av-layout-grid-container entry-content-wrapper main_color av-flex-cells     avia-builder-el-0  el_before_av_section  avia-builder-el-first  container_wrap sidebar_right' style=' '  >\n<div class=\"flex_cell no_margin av_one_half  avia-builder-el-1  el_before_av_cell_one_half  avia-builder-el-first   avia-full-stretch av-zero-padding \"  style='height:500px; min-height:500px;background:url(http:\/\/labmastermedicalcenter.com.br\/wp-content\/uploads\/2021\/06\/labmaster-atendimento-300x192.png) top left no-repeat scroll #22689e; vertical-align:middle; padding:0px; background-color:#22689e; ' ><div class='flex_cell_inner' ><\/div><\/div><div class=\"flex_cell no_margin av_one_half  avia-builder-el-2  el_after_av_cell_one_half  avia-builder-el-last   \"  style='height:500px; min-height:500px;vertical-align:middle; padding:80px; background-color:#22689e; ' ><div class='flex_cell_inner' ><p><div  style='padding-bottom:25px; color:#ffffff;font-size:34px;' class='av-special-heading av-special-heading-h3 custom-color-heading blockquote modern-quote  avia-builder-el-3  el_before_av_textblock  avia-builder-el-first  av-inherit-size '><div class ='av-subheading av-subheading_above av_custom_color ' style='font-size:15px;'><p>Quem n\u00f3s somos<\/p>\n<\/div><h3 class='av-special-heading-tag '  itemprop=\"headline\"  >LabMaster<\/h3><div class='special-heading-border'><div class='special-heading-inner-border' style='border-color:#ffffff'><\/div><\/div><\/div><br \/>\n<section class=\"av_textblock_section \"  itemscope=\"itemscope\" itemtype=\"https:\/\/schema.org\/CreativeWork\" ><div class='avia_textblock  av_inherit_color '  style='color:#ffffff; '  itemprop=\"text\" ><p>O Labmaster Medical Center deu in\u00edcio \u00e0s suas atividades em 27 de setembro de 2009. Sua miss\u00e3o tem foco na execu\u00e7\u00e3o de servi\u00e7os laboratoriais com efici\u00eancia e qualidade, visando sempre o melhor atendimento e satisfa\u00e7\u00e3o aos clientes e colaboradores.<\/p>\n<p>Em 2015, ainda como Laborat\u00f3rio LabMaster, expandiu-se e obteve sua sede pr\u00f3pria na rua Ferreira Pena, n\u00ba 127, no centro de Manaus. Os anos se passaram mas, o compromisso de entregar qualidade, \u00e9tica e comprometimento em cada exame permaneceu intacto.<\/p>\n<p>O ano de 2019 trouxe consigo o fortalecimento do projeto, que evolui para Labmaster Medical Center. Assim, ampliou seus servi\u00e7os, al\u00e9m de Exames Laboratoriais, o Labmaster Medical Center presta servi\u00e7os de Vacina\u00e7\u00e3o, Ultrassom, Consultas M\u00e9dicas em diversas especialidades, entre in\u00fameros servi\u00e7os.<\/p>\n<\/div><\/section><\/p>\n<\/div><\/div>\n<\/div>\n<div id='av_section_1'  class='avia-section main_color avia-section-huge avia-no-border-styling  avia-bg-style-scroll  avia-builder-el-5  el_after_av_layout_row  avia-builder-el-last   container_wrap sidebar_right' style=' '  ><div class='container' ><div class='template-page content  av-content-small alpha units'><div class='post-entry post-entry-type-page post-entry-957'><div class='entry-content-wrapper clearfix'>\n<div class='flex_column_table av-equal-height-column-flextable -flextable' style='margin-top:-200px; margin-bottom:0px; '><div class=\"flex_column av_one_third  no_margin flex_column_table_cell av-equal-height-column av-align-top first  avia-builder-el-6  el_before_av_one_third  avia-builder-el-first  \" style='padding:40px; background-color:#2388c2; border-radius:0px; '><p><span  class=\"av_font_icon avia_animate_when_visible avia-icon-animate  av-icon-style-  avia-icon-pos-center \" style=\"color:#ffffff; border-color:#ffffff;\"><span class='av-icon-char' style='font-size:60px;line-height:60px;' aria-hidden='true' data-av_icon='\ue806' data-av_iconfont='entypo-fontello' ><\/span><\/span><br \/>\n<div  style='height:20px' class='hr hr-invisible   avia-builder-el-8  el_after_av_font_icon  el_before_av_textblock '><span class='hr-inner ' ><span class='hr-inner-style'><\/span><\/span><\/div><br \/>\n<section class=\"av_textblock_section \"  itemscope=\"itemscope\" itemtype=\"https:\/\/schema.org\/CreativeWork\" ><div class='avia_textblock  av_inherit_color '  style='color:#ffffff; '  itemprop=\"text\" ><h4 style=\"text-align: center;\">Miss\u00e3o<\/h4>\n<p style=\"text-align: center;\">Oferecer servi\u00e7os de cuidado \u00e0 sa\u00fade de forma humanizada, com qualidade, \u00e9tica e comprometimento com nossos pacientes.<\/p>\n<\/div><\/section><\/p><\/div><div class=\"flex_column av_one_third  no_margin flex_column_table_cell av-equal-height-column av-align-top   avia-builder-el-10  el_after_av_one_third  el_before_av_one_third  \" style='padding:40px; background-color:#379cd6; border-radius:0px; '><p><span  class=\"av_font_icon avia_animate_when_visible avia-icon-animate  av-icon-style-  avia-icon-pos-center \" style=\"color:#ffffff; border-color:#ffffff;\"><span class='av-icon-char' style='font-size:60px;line-height:60px;' aria-hidden='true' data-av_icon='\ue80b' data-av_iconfont='entypo-fontello' ><\/span><\/span><br \/>\n<div  style='height:20px' class='hr hr-invisible   avia-builder-el-12  el_after_av_font_icon  el_before_av_textblock '><span class='hr-inner ' ><span class='hr-inner-style'><\/span><\/span><\/div><br \/>\n<section class=\"av_textblock_section \"  itemscope=\"itemscope\" itemtype=\"https:\/\/schema.org\/CreativeWork\" ><div class='avia_textblock  av_inherit_color '  style='color:#ffffff; '  itemprop=\"text\" ><h4 style=\"text-align: center;\">Vis\u00e3o<\/h4>\n<p style=\"text-align: center;\">Ser a primeira escolha no Estado do Amazonas em atendimento \u00e0 sa\u00fade, garantindo qualidade, seguran\u00e7a e tecnologia em nossos servi\u00e7os.<\/p>\n<\/div><\/section><\/p><\/div><div class=\"flex_column av_one_third  no_margin flex_column_table_cell av-equal-height-column av-align-top   avia-builder-el-14  el_after_av_one_third  el_before_av_masonry_gallery  avia-builder-el-last  \" style='padding:40px; background-color:#5fb4e4; border-radius:0px; '><p><span  class=\"av_font_icon avia_animate_when_visible avia-icon-animate  av-icon-style-  avia-icon-pos-center \" style=\"color:#ffffff; border-color:#ffffff;\"><span class='av-icon-char' style='font-size:60px;line-height:60px;' aria-hidden='true' data-av_icon='\ue808' data-av_iconfont='entypo-fontello' ><\/span><\/span><br \/>\n<div  style='height:20px' class='hr hr-invisible   avia-builder-el-16  el_after_av_font_icon  el_before_av_textblock '><span class='hr-inner ' ><span class='hr-inner-style'><\/span><\/span><\/div><br \/>\n<section class=\"av_textblock_section \"  itemscope=\"itemscope\" itemtype=\"https:\/\/schema.org\/CreativeWork\" ><div class='avia_textblock  av_inherit_color '  style='color:#ffffff; '  itemprop=\"text\" ><h4 style=\"text-align: center;\">Valores<\/h4>\n<p style=\"text-align: center;\">Inova\u00e7\u00e3o; Qualidade; Seguran\u00e7a; Honestidade; Comprometimento; Disciplina; \u00c9tica; Respeito; Excel\u00eancia e comprometimento para completa satisfa\u00e7\u00e3o de nossos pacientes.<\/p>\n<\/div><\/section><\/p><\/div><\/div><!--close column table wrapper. Autoclose: 1 --><div id='av-masonry-1' class='av-masonry  noHover av-fixed-size av-1px-gap av-hover-overlay-active av-masonry-animation-active av-masonry-col-flexible av-caption-always av-caption-style- av-masonry-gallery     '  ><div class='av-masonry-container isotope av-js-disabled ' ><div class='av-masonry-entry isotope-item av-masonry-item-no-image '><\/div><a href=\"http:\/\/labmastermedicalcenter.com.br\/wp-content\/uploads\/2021\/06\/background8-1030x686.jpg\" data-srcset=\"http:\/\/labmastermedicalcenter.com.br\/wp-content\/uploads\/2021\/06\/background8-1030x686.jpg 1030w, http:\/\/labmastermedicalcenter.com.br\/wp-content\/uploads\/2021\/06\/background8-300x200.jpg 300w, http:\/\/labmastermedicalcenter.com.br\/wp-content\/uploads\/2021\/06\/background8-768x512.jpg 768w, http:\/\/labmastermedicalcenter.com.br\/wp-content\/uploads\/2021\/06\/background8-705x470.jpg 705w, http:\/\/labmastermedicalcenter.com.br\/wp-content\/uploads\/2021\/06\/background8.jpg 1280w\" data-sizes=\"(max-width: 1030px) 100vw, 1030px\"  aria-label=\"image background8\"  id='av-masonry-1-item-1162' data-av-masonry-item='1162' class='av-masonry-entry isotope-item post-1162 attachment type-attachment status-inherit hentry  av-masonry-item-with-image av-grid-img' title=\"background8\" alt=\"\"   itemprop=\"thumbnailUrl\" ><div class='av-inner-masonry-sizer'><\/div><figure class='av-inner-masonry main_color'><div class=\"av-masonry-outerimage-container\"><div class=\"av-masonry-image-container\" style=\"background-image: url(http:\/\/labmastermedicalcenter.com.br\/wp-content\/uploads\/2021\/06\/background8-705x470.jpg);\" title=\"background8\" ><\/div><\/div><figcaption class='av-inner-masonry-content site-background'><div class='av-inner-masonry-content-pos'><div class='av-inner-masonry-content-pos-content'><div class='avia-arrow'><\/div><h3 class='av-masonry-entry-title entry-title '  itemprop=\"headline\" >background8<\/h3><div class='av-masonry-entry-content entry-content'  itemprop=\"text\" >Consult\u00f3rio<\/div><\/div><\/div><\/figcaption><\/figure><\/a><!--end av-masonry entry--><a href=\"http:\/\/labmastermedicalcenter.com.br\/wp-content\/uploads\/2021\/06\/background7-1030x686.jpg\" data-srcset=\"http:\/\/labmastermedicalcenter.com.br\/wp-content\/uploads\/2021\/06\/background7-1030x686.jpg 1030w, http:\/\/labmastermedicalcenter.com.br\/wp-content\/uploads\/2021\/06\/background7-300x200.jpg 300w, http:\/\/labmastermedicalcenter.com.br\/wp-content\/uploads\/2021\/06\/background7-768x512.jpg 768w, http:\/\/labmastermedicalcenter.com.br\/wp-content\/uploads\/2021\/06\/background7-705x470.jpg 705w, http:\/\/labmastermedicalcenter.com.br\/wp-content\/uploads\/2021\/06\/background7.jpg 1280w\" data-sizes=\"(max-width: 1030px) 100vw, 1030px\"  aria-label=\"image background7\"  id='av-masonry-1-item-1163' data-av-masonry-item='1163' class='av-masonry-entry isotope-item post-1163 attachment type-attachment status-inherit hentry  av-masonry-item-with-image av-grid-img' title=\"background7\" alt=\"\"   itemprop=\"thumbnailUrl\" ><div class='av-inner-masonry-sizer'><\/div><figure class='av-inner-masonry main_color'><div class=\"av-masonry-outerimage-container\"><div class=\"av-masonry-image-container\" style=\"background-image: url(http:\/\/labmastermedicalcenter.com.br\/wp-content\/uploads\/2021\/06\/background7-705x470.jpg);\" title=\"background7\" ><\/div><\/div><figcaption class='av-inner-masonry-content site-background'><div class='av-inner-masonry-content-pos'><div class='av-inner-masonry-content-pos-content'><div class='avia-arrow'><\/div><h3 class='av-masonry-entry-title entry-title '  itemprop=\"headline\" >background7<\/h3><div class='av-masonry-entry-content entry-content'  itemprop=\"text\" >Recep\u00e7\u00e3o dos Consult\u00f3rios<\/div><\/div><\/div><\/figcaption><\/figure><\/a><!--end av-masonry entry--><a href=\"http:\/\/labmastermedicalcenter.com.br\/wp-content\/uploads\/2021\/06\/background6-1030x686.jpg\" data-srcset=\"http:\/\/labmastermedicalcenter.com.br\/wp-content\/uploads\/2021\/06\/background6-1030x686.jpg 1030w, http:\/\/labmastermedicalcenter.com.br\/wp-content\/uploads\/2021\/06\/background6-300x200.jpg 300w, http:\/\/labmastermedicalcenter.com.br\/wp-content\/uploads\/2021\/06\/background6-768x512.jpg 768w, http:\/\/labmastermedicalcenter.com.br\/wp-content\/uploads\/2021\/06\/background6-705x470.jpg 705w, http:\/\/labmastermedicalcenter.com.br\/wp-content\/uploads\/2021\/06\/background6.jpg 1280w\" data-sizes=\"(max-width: 1030px) 100vw, 1030px\"  aria-label=\"image background6\"  id='av-masonry-1-item-1164' data-av-masonry-item='1164' class='av-masonry-entry isotope-item post-1164 attachment type-attachment status-inherit hentry  av-masonry-item-with-image av-grid-img' title=\"background6\" alt=\"\"   itemprop=\"thumbnailUrl\" ><div class='av-inner-masonry-sizer'><\/div><figure class='av-inner-masonry main_color'><div class=\"av-masonry-outerimage-container\"><div class=\"av-masonry-image-container\" style=\"background-image: url(http:\/\/labmastermedicalcenter.com.br\/wp-content\/uploads\/2021\/06\/background6-705x470.jpg);\" title=\"background6\" ><\/div><\/div><figcaption class='av-inner-masonry-content site-background'><div class='av-inner-masonry-content-pos'><div class='av-inner-masonry-content-pos-content'><div class='avia-arrow'><\/div><h3 class='av-masonry-entry-title entry-title '  itemprop=\"headline\" >background6<\/h3><div class='av-masonry-entry-content entry-content'  itemprop=\"text\" >\u00c1rea de Coleta<\/div><\/div><\/div><\/figcaption><\/figure><\/a><!--end av-masonry entry--><a href=\"http:\/\/labmastermedicalcenter.com.br\/wp-content\/uploads\/2021\/06\/background5-1030x686.jpg\" data-srcset=\"http:\/\/labmastermedicalcenter.com.br\/wp-content\/uploads\/2021\/06\/background5-1030x686.jpg 1030w, http:\/\/labmastermedicalcenter.com.br\/wp-content\/uploads\/2021\/06\/background5-300x200.jpg 300w, http:\/\/labmastermedicalcenter.com.br\/wp-content\/uploads\/2021\/06\/background5-768x512.jpg 768w, http:\/\/labmastermedicalcenter.com.br\/wp-content\/uploads\/2021\/06\/background5-705x470.jpg 705w, http:\/\/labmastermedicalcenter.com.br\/wp-content\/uploads\/2021\/06\/background5.jpg 1280w\" data-sizes=\"(max-width: 1030px) 100vw, 1030px\"  aria-label=\"image background5\"  id='av-masonry-1-item-1165' data-av-masonry-item='1165' class='av-masonry-entry isotope-item post-1165 attachment type-attachment status-inherit hentry  av-masonry-item-with-image av-grid-img' title=\"background5\" alt=\"\"   itemprop=\"thumbnailUrl\" ><div class='av-inner-masonry-sizer'><\/div><figure class='av-inner-masonry main_color'><div class=\"av-masonry-outerimage-container\"><div class=\"av-masonry-image-container\" style=\"background-image: url(http:\/\/labmastermedicalcenter.com.br\/wp-content\/uploads\/2021\/06\/background5-705x470.jpg);\" title=\"background5\" ><\/div><\/div><figcaption class='av-inner-masonry-content site-background'><div class='av-inner-masonry-content-pos'><div class='av-inner-masonry-content-pos-content'><div class='avia-arrow'><\/div><h3 class='av-masonry-entry-title entry-title '  itemprop=\"headline\" >background5<\/h3><div class='av-masonry-entry-content entry-content'  itemprop=\"text\" >Recep\u00e7\u00e3o<\/div><\/div><\/div><\/figcaption><\/figure><\/a><!--end av-masonry entry--><a href=\"http:\/\/labmastermedicalcenter.com.br\/wp-content\/uploads\/2021\/06\/background3-1030x686.jpg\" data-srcset=\"http:\/\/labmastermedicalcenter.com.br\/wp-content\/uploads\/2021\/06\/background3-1030x686.jpg 1030w, http:\/\/labmastermedicalcenter.com.br\/wp-content\/uploads\/2021\/06\/background3-300x200.jpg 300w, http:\/\/labmastermedicalcenter.com.br\/wp-content\/uploads\/2021\/06\/background3-768x512.jpg 768w, http:\/\/labmastermedicalcenter.com.br\/wp-content\/uploads\/2021\/06\/background3-705x470.jpg 705w, http:\/\/labmastermedicalcenter.com.br\/wp-content\/uploads\/2021\/06\/background3.jpg 1280w\" data-sizes=\"(max-width: 1030px) 100vw, 1030px\"  aria-label=\"image background3\"  id='av-masonry-1-item-1167' data-av-masonry-item='1167' class='av-masonry-entry isotope-item post-1167 attachment type-attachment status-inherit hentry  av-masonry-item-with-image av-grid-img' title=\"background3\" alt=\"\"   itemprop=\"thumbnailUrl\" ><div class='av-inner-masonry-sizer'><\/div><figure class='av-inner-masonry main_color'><div class=\"av-masonry-outerimage-container\"><div class=\"av-masonry-image-container\" style=\"background-image: url(http:\/\/labmastermedicalcenter.com.br\/wp-content\/uploads\/2021\/06\/background3-705x470.jpg);\" title=\"background3\" ><\/div><\/div><figcaption class='av-inner-masonry-content site-background'><div class='av-inner-masonry-content-pos'><div class='av-inner-masonry-content-pos-content'><div class='avia-arrow'><\/div><h3 class='av-masonry-entry-title entry-title '  itemprop=\"headline\" >background3<\/h3><div class='av-masonry-entry-content entry-content'  itemprop=\"text\" >Recep\u00e7\u00e3o<\/div><\/div><\/div><\/figcaption><\/figure><\/a><!--end av-masonry entry--><a href=\"http:\/\/labmastermedicalcenter.com.br\/wp-content\/uploads\/2021\/06\/background2-1030x686.jpg\" data-srcset=\"http:\/\/labmastermedicalcenter.com.br\/wp-content\/uploads\/2021\/06\/background2-1030x686.jpg 1030w, http:\/\/labmastermedicalcenter.com.br\/wp-content\/uploads\/2021\/06\/background2-300x200.jpg 300w, http:\/\/labmastermedicalcenter.com.br\/wp-content\/uploads\/2021\/06\/background2-768x512.jpg 768w, http:\/\/labmastermedicalcenter.com.br\/wp-content\/uploads\/2021\/06\/background2-705x470.jpg 705w, http:\/\/labmastermedicalcenter.com.br\/wp-content\/uploads\/2021\/06\/background2.jpg 1280w\" data-sizes=\"(max-width: 1030px) 100vw, 1030px\"  aria-label=\"image background2\"  id='av-masonry-1-item-1168' data-av-masonry-item='1168' class='av-masonry-entry isotope-item post-1168 attachment type-attachment status-inherit hentry  av-masonry-item-with-image av-grid-img' title=\"background2\" alt=\"\"   itemprop=\"thumbnailUrl\" ><div class='av-inner-masonry-sizer'><\/div><figure class='av-inner-masonry main_color'><div class=\"av-masonry-outerimage-container\"><div class=\"av-masonry-image-container\" style=\"background-image: url(http:\/\/labmastermedicalcenter.com.br\/wp-content\/uploads\/2021\/06\/background2-705x470.jpg);\" title=\"background2\" ><\/div><\/div><figcaption class='av-inner-masonry-content site-background'><div class='av-inner-masonry-content-pos'><div class='av-inner-masonry-content-pos-content'><div class='avia-arrow'><\/div><h3 class='av-masonry-entry-title entry-title '  itemprop=\"headline\" >background2<\/h3><div class='av-masonry-entry-content entry-content'  itemprop=\"text\" >Consult\u00f3rio<\/div><\/div><\/div><\/figcaption><\/figure><\/a><!--end av-masonry entry--><a href=\"http:\/\/labmastermedicalcenter.com.br\/wp-content\/uploads\/2021\/06\/background1-1030x686.jpg\" data-srcset=\"http:\/\/labmastermedicalcenter.com.br\/wp-content\/uploads\/2021\/06\/background1-1030x686.jpg 1030w, http:\/\/labmastermedicalcenter.com.br\/wp-content\/uploads\/2021\/06\/background1-300x200.jpg 300w, http:\/\/labmastermedicalcenter.com.br\/wp-content\/uploads\/2021\/06\/background1-768x512.jpg 768w, http:\/\/labmastermedicalcenter.com.br\/wp-content\/uploads\/2021\/06\/background1-705x470.jpg 705w, http:\/\/labmastermedicalcenter.com.br\/wp-content\/uploads\/2021\/06\/background1.jpg 1280w\" data-sizes=\"(max-width: 1030px) 100vw, 1030px\"  aria-label=\"image background1\"  id='av-masonry-1-item-1169' data-av-masonry-item='1169' class='av-masonry-entry isotope-item post-1169 attachment type-attachment status-inherit hentry  av-masonry-item-with-image av-grid-img' title=\"background1\" alt=\"\"   itemprop=\"thumbnailUrl\" ><div class='av-inner-masonry-sizer'><\/div><figure class='av-inner-masonry main_color'><div class=\"av-masonry-outerimage-container\"><div class=\"av-masonry-image-container\" style=\"background-image: url(http:\/\/labmastermedicalcenter.com.br\/wp-content\/uploads\/2021\/06\/background1-705x470.jpg);\" title=\"background1\" ><\/div><\/div><figcaption class='av-inner-masonry-content site-background'><div class='av-inner-masonry-content-pos'><div class='av-inner-masonry-content-pos-content'><div class='avia-arrow'><\/div><h3 class='av-masonry-entry-title entry-title '  itemprop=\"headline\" >background1<\/h3><div class='av-masonry-entry-content entry-content'  itemprop=\"text\" >Recep\u00e7\u00e3o<\/div><\/div><\/div><\/figcaption><\/figure><\/a><!--end av-masonry entry--><\/div><\/div>\n<div  style='height:100px' class='hr hr-invisible   avia-builder-el-19  el_after_av_masonry_gallery  avia-builder-el-no-sibling '><span class='hr-inner ' ><span class='hr-inner-style'><\/span><\/span><\/div>\n<\/div><\/div><\/div><!-- close content main div --><\/div><\/div><div id='after_section_1'  class='main_color av_default_container_wrap container_wrap sidebar_right' style=' '  ><div class='container' ><div class='template-page content  av-content-small alpha units'><div class='post-entry post-entry-type-page post-entry-957'><div class='entry-content-wrapper clearfix'>\n","protected":false},"excerpt":{"rendered":"","protected":false},"author":1,"featured_media":0,"parent":0,"menu_order":0,"comment_status":"closed","ping_status":"closed","template":"","meta":{"footnotes":""},"_links":{"self":[{"href":"http:\/\/labmastermedicalcenter.com.br\/index.php?rest_route=\/wp\/v2\/pages\/957"}],"collection":[{"href":"http:\/\/labmastermedicalcenter.com.br\/index.php?rest_route=\/wp\/v2\/pages"}],"about":[{"href":"http:\/\/labmastermedicalcenter.com.br\/index.php?rest_route=\/wp\/v2\/types\/page"}],"author":[{"embeddable":true,"href":"http:\/\/labmastermedicalcenter.com.br\/index.php?rest_route=\/wp\/v2\/users\/1"}],"replies":[{"embeddable":true,"href":"http:\/\/labmastermedicalcenter.com.br\/index.php?rest_route=%2Fwp%2Fv2%2Fcomments&post=957"}],"version-history":[{"count":0,"href":"http:\/\/labmastermedicalcenter.com.br\/index.php?rest_route=\/wp\/v2\/pages\/957\/revisions"}],"wp:attachment":[{"href":"http:\/\/labmastermedicalcenter.com.br\/index.php?rest_route=%2Fwp%2Fv2%2Fmedia&parent=957"}],"curies":[{"name":"wp","href":"https:\/\/api.w.org\/{rel}","templated":true}]}}